{"id":989323,"date":"2026-05-01T05:35:05","date_gmt":"2026-05-01T05:35:05","guid":{"rendered":"https:\/\/www.maison-dorema.fr\/?page_id=989323"},"modified":"2026-05-01T08:23:58","modified_gmt":"2026-05-01T08:23:58","slug":"panier-rose-absolue","status":"publish","type":"page","link":"https:\/\/www.maison-dorema.fr\/en\/panier-rose-absolue\/","title":{"rendered":"Panier-Rose Absolue"},"content":{"rendered":"<div data-elementor-type=\"wp-page\" data-elementor-id=\"989323\" class=\"elementor elementor-989323\" data-elementor-post-type=\"page\">\n\t\t\t\t<div class=\"elementor-element elementor-element-8909b23 e-flex e-con-boxed e-con e-parent\" data-id=\"8909b23\" data-element_type=\"container\" data-e-type=\"container\" data-settings=\"{&quot;background_background&quot;:&quot;classic&quot;}\">\n\t\t\t\t\t<div class=\"e-con-inner\">\n\t\t\t\t<div class=\"vamtam-has-theme-widget-styles elementor-element elementor-element-8689a43 elementor-widget elementor-widget-text-editor\" data-id=\"8689a43\" data-element_type=\"widget\" data-e-type=\"widget\" data-widget_type=\"text-editor.default\">\n\t\t\t\t<div class=\"elementor-widget-container\">\n\t\t\t\t\t\t\t\t\t<span style=\"color: #c9c9c9;\"><a href=\"https:\/\/www.maison-dorema.fr\/en\/rose-absolue\/\">Rose Absolue<\/a> \u203a <\/span><span style=\"color: #e0b84c;\">Commander<\/span>\t\t\t\t\t\t\t\t<\/div>\n\t\t\t\t<\/div>\n\t\t\t\t\t<\/div>\n\t\t\t\t<\/div>\n\t\t<div class=\"elementor-element elementor-element-f867d96 e-flex e-con-boxed e-con e-parent\" data-id=\"f867d96\" data-element_type=\"container\" data-e-type=\"container\" data-settings=\"{&quot;background_background&quot;:&quot;classic&quot;}\">\n\t\t\t\t\t<div class=\"e-con-inner\">\n\t\t<div class=\"elementor-element elementor-element-93d29b2 e-con-full e-flex e-con e-child\" data-id=\"93d29b2\" data-element_type=\"container\" data-e-type=\"container\" data-settings=\"{&quot;background_background&quot;:&quot;classic&quot;}\">\n\t\t\t\t<div class=\"vamtam-has-theme-widget-styles elementor-element elementor-element-06cd530 elementor-widget elementor-widget-text-editor\" data-id=\"06cd530\" data-element_type=\"widget\" data-e-type=\"widget\" data-widget_type=\"text-editor.default\">\n\t\t\t\t<div class=\"elementor-widget-container\">\n\t\t\t\t\t\t\t\t\tCollection Exclusive\t\t\t\t\t\t\t\t<\/div>\n\t\t\t\t<\/div>\n\t\t\t\t<div class=\"vamtam-has-theme-widget-styles elementor-element elementor-element-4c8189b elementor-widget elementor-widget-heading\" data-id=\"4c8189b\" data-element_type=\"widget\" data-e-type=\"widget\" data-widget_type=\"heading.default\">\n\t\t\t\t<div class=\"elementor-widget-container\">\n\t\t\t\t\t<h2 class=\"elementor-heading-title elementor-size-default\">Rose Absolue<\/h2>\t\t\t\t<\/div>\n\t\t\t\t<\/div>\n\t\t\t\t<div class=\"vamtam-has-theme-widget-styles elementor-element elementor-element-fd23f68 elementor-widget__width-inherit elementor-widget-mobile__width-inherit elementor-widget elementor-widget-text-editor\" data-id=\"fd23f68\" data-element_type=\"widget\" data-e-type=\"widget\" data-widget_type=\"text-editor.default\">\n\t\t\t\t<div class=\"elementor-widget-container\">\n\t\t\t\t\t\t\t\t\tExtrait de parfum \u2013 50ML\t\t\t\t\t\t\t\t<\/div>\n\t\t\t\t<\/div>\n\t\t\t\t<div class=\"vamtam-has-theme-widget-styles elementor-element elementor-element-50be8ab elementor-widget__width-inherit elementor-widget elementor-widget-text-editor\" data-id=\"50be8ab\" data-element_type=\"widget\" data-e-type=\"widget\" data-widget_type=\"text-editor.default\">\n\t\t\t\t<div class=\"elementor-widget-container\">\n\t\t\t\t\t\t\t\t\tS\u00e9lectionnez votre quantit\u00e9\t\t\t\t\t\t\t\t<\/div>\n\t\t\t\t<\/div>\n\t\t\t\t<div class=\"elementor-element elementor-element-72c174b elementor-add-to-cart--align-justify elementor-widget elementor-widget-wc-add-to-cart\" data-id=\"72c174b\" data-element_type=\"widget\" data-e-type=\"widget\" data-widget_type=\"wc-add-to-cart.default\">\n\t\t\t\t<div class=\"elementor-widget-container\">\n\t\t\t\t\t\n\t\n\t<form class=\"cart\" action=\"https:\/\/www.maison-dorema.fr\/en\/product\/rose-absolue\/\" method=\"post\" enctype='multipart\/form-data' data-trp-original-action=\"https:\/\/www.maison-dorema.fr\/en\/product\/rose-absolue\/\">\n\t\t\n\t<button title=\"Add to Wishlist\" class=\"shopengine_add_to_list_action shopengine-wishlist badge inactive\" data-pid=\"989323\">\n\t\t\t\t<i class=\"shopengine-icon-add_to_favourite_1\"><\/i>\n\t\t\t<\/button>\n\n\t\n    <a\n            data-payload='{\"pid\":989323}'\n            class=\"shopengine_comparison_add_to_list_action shopengine-comparison badge inactive\"\n    > <i class=\"shopengine-icon-product_compare_1\"><\/i> <\/a>\n\t\t<div class=\"quantity\">\n\t\t<label class=\"screen-reader-text\" for=\"quantity_69fe1f1a6c56e\" data-no-translation=\"\" data-trp-gettext=\"\">Rose Absolue quantity<\/label>\n\t<input\n\t\ttype=\"number\"\n\t\t\t\tid=\"quantity_69fe1f1a6c56e\"\n\t\tclass=\"input-text qty text\"\n\t\tname=\"quantity\"\n\t\tvalue=\"1\"\n\t\taria-label=\"Product quantity\"\n\t\t\t\tmin=\"1\"\n\t\t\t\t\t\t\tstep=\"1\"\n\t\t\tplaceholder=\"\"\n\t\t\tinputmode=\"numeric\"\n\t\t\tautocomplete=\"off\" data-no-translation-aria-label=\"\"\n\t\t\t\/>\n\t<\/div>\n\n\t\t<button type=\"submit\" name=\"add-to-cart\" value=\"989382\" class=\"single_add_to_cart_button elementor-button button alt\">\t\t<span class=\"elementor-button-content-wrapper\">\n\t\t\t\t\t\t<span class=\"elementor-button-icon\">\n\t\t\t\t<i aria-hidden=\"true\" class=\"fas fa-shopping-cart\"><\/i>\t\t\t<\/span>\n\t\t\t\t\t\t\t\t\t<span class=\"elementor-button-text\">Ajouter au panier<\/span>\n\t\t\t\t\t<\/span>\n\t\t<\/button>\n\n\t\t\t<input type=\"hidden\" name=\"trp-form-language\" value=\"en\"\/><\/form>\n\n\t\n\t\t\t\t<\/div>\n\t\t\t\t<\/div>\n\t\t\t\t<div class=\"elementor-element elementor-element-cb37197 elementor-icon-list--layout-traditional elementor-list-item-link-full_width elementor-widget elementor-widget-icon-list\" data-id=\"cb37197\" data-element_type=\"widget\" data-e-type=\"widget\" data-widget_type=\"icon-list.default\">\n\t\t\t\t<div class=\"elementor-widget-container\">\n\t\t\t\t\t\t\t<ul class=\"elementor-icon-list-items\">\n\t\t\t\t\t\t\t<li class=\"elementor-icon-list-item\">\n\t\t\t\t\t\t\t\t\t\t\t<span class=\"elementor-icon-list-icon\">\n\t\t\t\t\t\t\t<svg xmlns=\"http:\/\/www.w3.org\/2000\/svg\" width=\"800px\" height=\"800px\" viewbox=\"0 0 24 24\" fill=\"none\"><g id=\"SVGRepo_bgCarrier\" stroke-width=\"0\"><\/g><g id=\"SVGRepo_tracerCarrier\" stroke-linecap=\"round\" stroke-linejoin=\"round\"><\/g><g id=\"SVGRepo_iconCarrier\"><path d=\"M9 12L11 14L15 9.99999M20 12C20 16.4611 14.54 19.6937 12.6414 20.683C12.4361 20.79 12.3334 20.8435 12.191 20.8712C12.08 20.8928 11.92 20.8928 11.809 20.8712C11.6666 20.8435 11.5639 20.79 11.3586 20.683C9.45996 19.6937 4 16.4611 4 12V8.21759C4 7.41808 4 7.01833 4.13076 6.6747C4.24627 6.37113 4.43398 6.10027 4.67766 5.88552C4.9535 5.64243 5.3278 5.50207 6.0764 5.22134L11.4382 3.21067C11.6461 3.13271 11.75 3.09373 11.857 3.07827C11.9518 3.06457 12.0482 3.06457 12.143 3.07827C12.25 3.09373 12.3539 3.13271 12.5618 3.21067L17.9236 5.22134C18.6722 5.50207 19.0465 5.64243 19.3223 5.88552C19.566 6.10027 19.7537 6.37113 19.8692 6.6747C20 7.01833 20 7.41808 20 8.21759V12Z\" stroke=\"#E0B84C\" stroke-width=\"2.3280000000000003\" stroke-linecap=\"round\" stroke-linejoin=\"round\"><\/path><\/g><\/svg>\t\t\t\t\t\t<\/span>\n\t\t\t\t\t\t\t\t\t\t<span class=\"elementor-icon-list-text\">Prix fondateur garanti \u00e0 vie<\/span>\n\t\t\t\t\t\t\t\t\t<\/li>\n\t\t\t\t\t\t\t\t<li class=\"elementor-icon-list-item\">\n\t\t\t\t\t\t\t\t\t\t\t<span class=\"elementor-icon-list-icon\">\n\t\t\t\t\t\t\t<svg xmlns=\"http:\/\/www.w3.org\/2000\/svg\" width=\"800px\" height=\"800px\" viewbox=\"0 0 24 24\" fill=\"none\" stroke=\"#E0B84C\" stroke-width=\"0.24000000000000005\"><g id=\"SVGRepo_bgCarrier\" stroke-width=\"0\"><\/g><g id=\"SVGRepo_tracerCarrier\" stroke-linecap=\"round\" stroke-linejoin=\"round\"><\/g><g id=\"SVGRepo_iconCarrier\"><path fill-rule=\"evenodd\" clip-rule=\"evenodd\" d=\"M3 3C1.34315 3 0 4.34315 0 6V15C0 16.3121 0.842366 17.4275 2.01581 17.8348C2.18436 19.6108 3.67994 21 5.5 21C7.26324 21 8.72194 19.6961 8.96456 18H15.0354C15.2781 19.6961 16.7368 21 18.5 21C20.3201 21 21.8156 19.6108 21.9842 17.8348C23.1576 17.4275 24 16.3121 24 15V10.7515C24 10.0248 23.7362 9.32283 23.2577 8.77596L20.8502 6.02449C20.2805 5.37344 19.4576 5 18.5925 5H16.8293C16.4175 3.83481 15.3062 3 14 3H3ZM4 17.4361V17.5639C4.03348 18.3634 4.69224 19.0013 5.5 19.0013C6.30776 19.0013 6.96652 18.3634 7 17.5639V17.4361C6.96652 16.6366 6.30776 15.9987 5.5 15.9987C4.69224 15.9987 4.03348 16.6366 4 17.4361ZM5.5 14C6.8962 14 8.10145 14.8175 8.66318 16H15.3368C15.8985 14.8175 17.1038 14 18.5 14C19.8245 14 20.9771 14.7357 21.5716 15.8207C21.8306 15.64 22 15.3398 22 15V11H17C15.8954 11 15 10.1046 15 9V6C15 5.44772 14.5523 5 14 5H3C2.44772 5 2 5.44772 2 6V15C2 15.3398 2.16945 15.64 2.42845 15.8207C3.02292 14.7357 4.17555 14 5.5 14ZM17 7V8C17 8.55229 17.4477 9 18 9H20.7962L19.345 7.34149C19.1552 7.12448 18.8808 7 18.5925 7H17ZM17 17.4361V17.5639C17.0335 18.3634 17.6922 19.0013 18.5 19.0013C19.3078 19.0013 19.9665 18.3634 20 17.5639V17.4361C19.9665 16.6366 19.3078 15.9987 18.5 15.9987C17.6922 15.9987 17.0335 16.6366 17 17.4361Z\" fill=\"#E0B84C\"><\/path><\/g><\/svg>\t\t\t\t\t\t<\/span>\n\t\t\t\t\t\t\t\t\t\t<span class=\"elementor-icon-list-text\">Livraison offerte d\u00e8s la commande<\/span>\n\t\t\t\t\t\t\t\t\t<\/li>\n\t\t\t\t\t\t\t\t<li class=\"elementor-icon-list-item\">\n\t\t\t\t\t\t\t\t\t\t\t<span class=\"elementor-icon-list-icon\">\n\t\t\t\t\t\t\t<svg xmlns=\"http:\/\/www.w3.org\/2000\/svg\" width=\"800px\" height=\"800px\" viewbox=\"0 0 24 24\" fill=\"none\" stroke=\"#E0B84C\"><g id=\"SVGRepo_bgCarrier\" stroke-width=\"0\"><\/g><g id=\"SVGRepo_tracerCarrier\" stroke-linecap=\"round\" stroke-linejoin=\"round\"><\/g><g id=\"SVGRepo_iconCarrier\"><path d=\"M22 12C22 18 17.6095 22 12.1935 22C7.79192 22 4.24063 19.6651 3 16\" stroke=\"#E0B84C\" stroke-width=\"2.4\" stroke-linecap=\"round\" stroke-linejoin=\"round\"><\/path><path d=\"M2 12C2 6 6.3905 2 11.8065 2C16.2081 2 19.7594 4.33489 21 8\" stroke=\"#E0B84C\" stroke-width=\"2.4\" stroke-linecap=\"round\" stroke-linejoin=\"round\"><\/path><path d=\"M6.99999 17L3.00001 16L2 20\" stroke=\"#E0B84C\" stroke-width=\"2.4\" stroke-linecap=\"round\" stroke-linejoin=\"round\"><\/path><path d=\"M17 7L21 8L22 4\" stroke=\"#E0B84C\" stroke-width=\"2.4\" stroke-linecap=\"round\" stroke-linejoin=\"round\"><\/path><\/g><\/svg>\t\t\t\t\t\t<\/span>\n\t\t\t\t\t\t\t\t\t\t<span class=\"elementor-icon-list-text\">Garantie satisfaction 30 jours<\/span>\n\t\t\t\t\t\t\t\t\t<\/li>\n\t\t\t\t\t\t<\/ul>\n\t\t\t\t\t\t<\/div>\n\t\t\t\t<\/div>\n\t\t\t\t<div class=\"vamtam-has-theme-widget-styles elementor-element elementor-element-42963a5 elementor-widget elementor-widget-text-editor\" data-id=\"42963a5\" data-element_type=\"widget\" data-e-type=\"widget\" data-widget_type=\"text-editor.default\">\n\t\t\t\t<div class=\"elementor-widget-container\">\n\t\t\t\t\t\t\t\t\t<p>Paiement 100% s\u00e9curis\u00e9<\/p>\t\t\t\t\t\t\t\t<\/div>\n\t\t\t\t<\/div>\n\t\t\t\t<div class=\"vamtam-has-theme-widget-styles elementor-element elementor-element-816d7ff elementor-widget elementor-widget-image\" data-id=\"816d7ff\" data-element_type=\"widget\" data-e-type=\"widget\" data-widget_type=\"image.default\">\n\t\t\t\t<div class=\"elementor-widget-container\">\n\t\t\t\t\t\t\t\t\t<div class=\"elementor-image\">\n\t\t\t\t\t\t\t\t\t\t\t\t\t\t\t\t\t\t\t\t\t<img fetchpriority=\"high\" decoding=\"async\" width=\"1024\" height=\"157\" src=\"https:\/\/www.maison-dorema.fr\/wp-content\/uploads\/2026\/04\/Visa-Card-Logo-PNG-Pic-Clip-Art-Background-1024x157.png\" class=\"attachment-large size-large wp-image-989218\" alt=\"\" srcset=\"https:\/\/www.maison-dorema.fr\/wp-content\/uploads\/2026\/04\/Visa-Card-Logo-PNG-Pic-Clip-Art-Background-1024x157.png 1024w, https:\/\/www.maison-dorema.fr\/wp-content\/uploads\/2026\/04\/Visa-Card-Logo-PNG-Pic-Clip-Art-Background-300x46.png 300w, https:\/\/www.maison-dorema.fr\/wp-content\/uploads\/2026\/04\/Visa-Card-Logo-PNG-Pic-Clip-Art-Background-768x118.png 768w, https:\/\/www.maison-dorema.fr\/wp-content\/uploads\/2026\/04\/Visa-Card-Logo-PNG-Pic-Clip-Art-Background-1536x236.png 1536w, https:\/\/www.maison-dorema.fr\/wp-content\/uploads\/2026\/04\/Visa-Card-Logo-PNG-Pic-Clip-Art-Background-1260x194.png 1260w, https:\/\/www.maison-dorema.fr\/wp-content\/uploads\/2026\/04\/Visa-Card-Logo-PNG-Pic-Clip-Art-Background-630x97.png 630w, https:\/\/www.maison-dorema.fr\/wp-content\/uploads\/2026\/04\/Visa-Card-Logo-PNG-Pic-Clip-Art-Background.png 1556w\" sizes=\"(max-width: 1024px) 100vw, 1024px\" \/>\t\t\t\t\t\t\t\t\t\t\t\t\t\t\t\t\t\t\t\t\t\t\t\t<\/div>\n\t\t\t\t\t\t\t\t<\/div>\n\t\t\t\t<\/div>\n\t\t\t\t<\/div>\n\t\t<div class=\"elementor-element elementor-element-89e6596 e-con-full e-flex e-con e-child\" data-id=\"89e6596\" data-element_type=\"container\" data-e-type=\"container\">\n\t\t\t\t<div class=\"vamtam-has-theme-widget-styles elementor-element elementor-element-48c7017 elementor-widget elementor-widget-image\" data-id=\"48c7017\" data-element_type=\"widget\" data-e-type=\"widget\" data-widget_type=\"image.default\">\n\t\t\t\t<div class=\"elementor-widget-container\">\n\t\t\t\t\t\t\t\t\t<div class=\"elementor-image\">\n\t\t\t\t\t\t\t\t\t\t\t\t\t\t\t\t\t\t\t\t\t<img decoding=\"async\" width=\"768\" height=\"1024\" src=\"https:\/\/www.maison-dorema.fr\/wp-content\/uploads\/2026\/04\/Rose-Absolue-1-768x1024.png\" class=\"attachment-large size-large wp-image-987661\" alt=\"\" srcset=\"https:\/\/www.maison-dorema.fr\/wp-content\/uploads\/2026\/04\/Rose-Absolue-1-768x1024.png 768w, https:\/\/www.maison-dorema.fr\/wp-content\/uploads\/2026\/04\/Rose-Absolue-1-630x840.png 630w, https:\/\/www.maison-dorema.fr\/wp-content\/uploads\/2026\/04\/Rose-Absolue-1-225x300.png 225w, https:\/\/www.maison-dorema.fr\/wp-content\/uploads\/2026\/04\/Rose-Absolue-1.png 896w\" sizes=\"(max-width: 768px) 100vw, 768px\" \/>\t\t\t\t\t\t\t\t\t\t\t\t\t\t\t\t\t\t\t\t\t\t\t\t<\/div>\n\t\t\t\t\t\t\t\t<\/div>\n\t\t\t\t<\/div>\n\t\t\t\t<\/div>\n\t\t\t\t\t<\/div>\n\t\t\t\t<\/div>\n\t\t\t\t<\/div>","protected":false},"excerpt":{"rendered":"<p>Rose Absolue \u203a CommanderCollection Exclusive Rose Absolue Extrait de parfum \u2013 50MLS\u00e9lectionnez votre quantit\u00e9 quantit\u00e9 de Rose Absolue Ajouter au panier Prix fondateur garanti \u00e0 vie Livraison offerte d\u00e8s la commande Garantie satisfaction 30 jours Paiement 100% s\u00e9curis\u00e9<\/p>","protected":false},"author":1,"featured_media":0,"parent":0,"menu_order":0,"comment_status":"closed","ping_status":"closed","template":"elementor_header_footer","meta":{"footnotes":""},"class_list":["post-989323","page","type-page","status-publish","hentry"],"_links":{"self":[{"href":"https:\/\/www.maison-dorema.fr\/en\/wp-json\/wp\/v2\/pages\/989323","targetHints":{"allow":["GET"]}}],"collection":[{"href":"https:\/\/www.maison-dorema.fr\/en\/wp-json\/wp\/v2\/pages"}],"about":[{"href":"https:\/\/www.maison-dorema.fr\/en\/wp-json\/wp\/v2\/types\/page"}],"author":[{"embeddable":true,"href":"https:\/\/www.maison-dorema.fr\/en\/wp-json\/wp\/v2\/users\/1"}],"replies":[{"embeddable":true,"href":"https:\/\/www.maison-dorema.fr\/en\/wp-json\/wp\/v2\/comments?post=989323"}],"version-history":[{"count":31,"href":"https:\/\/www.maison-dorema.fr\/en\/wp-json\/wp\/v2\/pages\/989323\/revisions"}],"predecessor-version":[{"id":989469,"href":"https:\/\/www.maison-dorema.fr\/en\/wp-json\/wp\/v2\/pages\/989323\/revisions\/989469"}],"wp:attachment":[{"href":"https:\/\/www.maison-dorema.fr\/en\/wp-json\/wp\/v2\/media?parent=989323"}],"curies":[{"name":"wp","href":"https:\/\/api.w.org\/{rel}","templated":true}]}}